{"id":1279,"date":"2020-08-29T11:57:49","date_gmt":"2021-02-28T09:11:29","guid":{"rendered":"https:\/\/www.louis-martin.fr\/produit\/bolognese-sauce\/"},"modified":"2021-02-28T10:11:46","modified_gmt":"2021-02-28T09:11:46","slug":"sauce-bolognaise-3","status":"publish","type":"product","link":"https:\/\/www.louis-martin.fr\/en\/produit\/sauce-bolognaise-3\/","title":{"rendered":"Bolognese Sauce"},"content":{"rendered":"","protected":false},"excerpt":{"rendered":"<p>(190g, 350g, 420g, 680g jar)<\/p>\n","protected":false},"featured_media":1280,"template":"","meta":[],"product_brand":[],"product_cat":[59],"product_tag":[],"class_list":{"0":"post-1279","1":"product","2":"type-product","3":"status-publish","4":"has-post-thumbnail","6":"product_cat-traditional-sauces","8":"first","9":"instock","10":"shipping-taxable","11":"product-type-simple"},"yoast_head":"<!-- This site is optimized with the Yoast SEO plugin v26.7 - https:\/\/yoast.com\/wordpress\/plugins\/seo\/ -->\n<title>Bolognese Sauce - Conserverie Louis Martin, depuis 1918 en Provence<\/title>\n<meta name=\"robots\" content=\"index, follow, max-snippet:-1, max-image-preview:large, max-video-preview:-1\" \/>\n<link rel=\"canonical\" href=\"https:\/\/www.louis-martin.fr\/en\/produit\/sauce-bolognaise-3\/\" \/>\n<meta property=\"og:locale\" content=\"en_US\" \/>\n<meta property=\"og:type\" content=\"article\" \/>\n<meta property=\"og:title\" content=\"Bolognese Sauce - Conserverie Louis Martin, depuis 1918 en Provence\" \/>\n<meta property=\"og:description\" content=\"(190g, 350g, 420g, 680g jar)\" \/>\n<meta property=\"og:url\" content=\"https:\/\/www.louis-martin.fr\/en\/produit\/sauce-bolognaise-3\/\" \/>\n<meta property=\"og:site_name\" content=\"Conserverie Louis Martin, depuis 1918 en Provence\" \/>\n<meta property=\"article:modified_time\" content=\"2021-02-28T09:11:46+00:00\" \/>\n<meta property=\"og:image\" content=\"https:\/\/www.louis-martin.fr\/wp-content\/uploads\/2020\/08\/Traditionnelle-Sauce-Bolognaise-350.jpg\" \/>\n\t<meta property=\"og:image:width\" content=\"230\" \/>\n\t<meta property=\"og:image:height\" content=\"330\" \/>\n\t<meta property=\"og:image:type\" content=\"image\/jpeg\" \/>\n<meta name=\"twitter:card\" content=\"summary_large_image\" \/>\n<script type=\"application\/ld+json\" class=\"yoast-schema-graph\">{\"@context\":\"https:\/\/schema.org\",\"@graph\":[{\"@type\":\"WebPage\",\"@id\":\"https:\/\/www.louis-martin.fr\/en\/produit\/sauce-bolognaise-3\/\",\"url\":\"https:\/\/www.louis-martin.fr\/en\/produit\/sauce-bolognaise-3\/\",\"name\":\"Bolognese Sauce - Conserverie Louis Martin, depuis 1918 en Provence\",\"isPartOf\":{\"@id\":\"https:\/\/www.louis-martin.fr\/#website\"},\"primaryImageOfPage\":{\"@id\":\"https:\/\/www.louis-martin.fr\/en\/produit\/sauce-bolognaise-3\/#primaryimage\"},\"image\":{\"@id\":\"https:\/\/www.louis-martin.fr\/en\/produit\/sauce-bolognaise-3\/#primaryimage\"},\"thumbnailUrl\":\"https:\/\/www.louis-martin.fr\/wp-content\/uploads\/2020\/08\/Traditionnelle-Sauce-Bolognaise-350.jpg\",\"datePublished\":\"2021-02-28T09:11:29+00:00\",\"dateModified\":\"2021-02-28T09:11:46+00:00\",\"breadcrumb\":{\"@id\":\"https:\/\/www.louis-martin.fr\/en\/produit\/sauce-bolognaise-3\/#breadcrumb\"},\"inLanguage\":\"en-US\",\"potentialAction\":[{\"@type\":\"ReadAction\",\"target\":[\"https:\/\/www.louis-martin.fr\/en\/produit\/sauce-bolognaise-3\/\"]}]},{\"@type\":\"ImageObject\",\"inLanguage\":\"en-US\",\"@id\":\"https:\/\/www.louis-martin.fr\/en\/produit\/sauce-bolognaise-3\/#primaryimage\",\"url\":\"https:\/\/www.louis-martin.fr\/wp-content\/uploads\/2020\/08\/Traditionnelle-Sauce-Bolognaise-350.jpg\",\"contentUrl\":\"https:\/\/www.louis-martin.fr\/wp-content\/uploads\/2020\/08\/Traditionnelle-Sauce-Bolognaise-350.jpg\",\"width\":230,\"height\":330},{\"@type\":\"BreadcrumbList\",\"@id\":\"https:\/\/www.louis-martin.fr\/en\/produit\/sauce-bolognaise-3\/#breadcrumb\",\"itemListElement\":[{\"@type\":\"ListItem\",\"position\":1,\"name\":\"Accueil\",\"item\":\"https:\/\/www.louis-martin.fr\/en\/home\/\"},{\"@type\":\"ListItem\",\"position\":2,\"name\":\"Shop\",\"item\":\"https:\/\/www.louis-martin.fr\/en\/shop\/\"},{\"@type\":\"ListItem\",\"position\":3,\"name\":\"Bolognese Sauce\"}]},{\"@type\":\"WebSite\",\"@id\":\"https:\/\/www.louis-martin.fr\/#website\",\"url\":\"https:\/\/www.louis-martin.fr\/\",\"name\":\"Conserverie Louis Martin, depuis 1918 en Provence\",\"description\":\"Cr\u00e9\u00e9e en 1918, la conserverie Louis Martin a fait de la tomate le c\u0153ur de son activit\u00e9.\",\"publisher\":{\"@id\":\"https:\/\/www.louis-martin.fr\/#organization\"},\"potentialAction\":[{\"@type\":\"SearchAction\",\"target\":{\"@type\":\"EntryPoint\",\"urlTemplate\":\"https:\/\/www.louis-martin.fr\/?s={search_term_string}\"},\"query-input\":{\"@type\":\"PropertyValueSpecification\",\"valueRequired\":true,\"valueName\":\"search_term_string\"}}],\"inLanguage\":\"en-US\"},{\"@type\":\"Organization\",\"@id\":\"https:\/\/www.louis-martin.fr\/#organization\",\"name\":\"Louis Martin\",\"url\":\"https:\/\/www.louis-martin.fr\/\",\"logo\":{\"@type\":\"ImageObject\",\"inLanguage\":\"en-US\",\"@id\":\"https:\/\/www.louis-martin.fr\/#\/schema\/logo\/image\/\",\"url\":\"https:\/\/www.louis-martin.fr\/wp-content\/uploads\/2020\/07\/logo-louis-martin-1.png\",\"contentUrl\":\"https:\/\/www.louis-martin.fr\/wp-content\/uploads\/2020\/07\/logo-louis-martin-1.png\",\"width\":350,\"height\":78,\"caption\":\"Louis Martin\"},\"image\":{\"@id\":\"https:\/\/www.louis-martin.fr\/#\/schema\/logo\/image\/\"}}]}<\/script>\n<!-- \/ Yoast SEO plugin. -->","yoast_head_json":{"title":"Bolognese Sauce - Conserverie Louis Martin, depuis 1918 en Provence","robots":{"index":"index","follow":"follow","max-snippet":"max-snippet:-1","max-image-preview":"max-image-preview:large","max-video-preview":"max-video-preview:-1"},"canonical":"https:\/\/www.louis-martin.fr\/en\/produit\/sauce-bolognaise-3\/","og_locale":"en_US","og_type":"article","og_title":"Bolognese Sauce - Conserverie Louis Martin, depuis 1918 en Provence","og_description":"(190g, 350g, 420g, 680g jar)","og_url":"https:\/\/www.louis-martin.fr\/en\/produit\/sauce-bolognaise-3\/","og_site_name":"Conserverie Louis Martin, depuis 1918 en Provence","article_modified_time":"2021-02-28T09:11:46+00:00","og_image":[{"width":230,"height":330,"url":"https:\/\/www.louis-martin.fr\/wp-content\/uploads\/2020\/08\/Traditionnelle-Sauce-Bolognaise-350.jpg","type":"image\/jpeg"}],"twitter_card":"summary_large_image","schema":{"@context":"https:\/\/schema.org","@graph":[{"@type":"WebPage","@id":"https:\/\/www.louis-martin.fr\/en\/produit\/sauce-bolognaise-3\/","url":"https:\/\/www.louis-martin.fr\/en\/produit\/sauce-bolognaise-3\/","name":"Bolognese Sauce - Conserverie Louis Martin, depuis 1918 en Provence","isPartOf":{"@id":"https:\/\/www.louis-martin.fr\/#website"},"primaryImageOfPage":{"@id":"https:\/\/www.louis-martin.fr\/en\/produit\/sauce-bolognaise-3\/#primaryimage"},"image":{"@id":"https:\/\/www.louis-martin.fr\/en\/produit\/sauce-bolognaise-3\/#primaryimage"},"thumbnailUrl":"https:\/\/www.louis-martin.fr\/wp-content\/uploads\/2020\/08\/Traditionnelle-Sauce-Bolognaise-350.jpg","datePublished":"2021-02-28T09:11:29+00:00","dateModified":"2021-02-28T09:11:46+00:00","breadcrumb":{"@id":"https:\/\/www.louis-martin.fr\/en\/produit\/sauce-bolognaise-3\/#breadcrumb"},"inLanguage":"en-US","potentialAction":[{"@type":"ReadAction","target":["https:\/\/www.louis-martin.fr\/en\/produit\/sauce-bolognaise-3\/"]}]},{"@type":"ImageObject","inLanguage":"en-US","@id":"https:\/\/www.louis-martin.fr\/en\/produit\/sauce-bolognaise-3\/#primaryimage","url":"https:\/\/www.louis-martin.fr\/wp-content\/uploads\/2020\/08\/Traditionnelle-Sauce-Bolognaise-350.jpg","contentUrl":"https:\/\/www.louis-martin.fr\/wp-content\/uploads\/2020\/08\/Traditionnelle-Sauce-Bolognaise-350.jpg","width":230,"height":330},{"@type":"BreadcrumbList","@id":"https:\/\/www.louis-martin.fr\/en\/produit\/sauce-bolognaise-3\/#breadcrumb","itemListElement":[{"@type":"ListItem","position":1,"name":"Accueil","item":"https:\/\/www.louis-martin.fr\/en\/home\/"},{"@type":"ListItem","position":2,"name":"Shop","item":"https:\/\/www.louis-martin.fr\/en\/shop\/"},{"@type":"ListItem","position":3,"name":"Bolognese Sauce"}]},{"@type":"WebSite","@id":"https:\/\/www.louis-martin.fr\/#website","url":"https:\/\/www.louis-martin.fr\/","name":"Conserverie Louis Martin, depuis 1918 en Provence","description":"Cr\u00e9\u00e9e en 1918, la conserverie Louis Martin a fait de la tomate le c\u0153ur de son activit\u00e9.","publisher":{"@id":"https:\/\/www.louis-martin.fr\/#organization"},"potentialAction":[{"@type":"SearchAction","target":{"@type":"EntryPoint","urlTemplate":"https:\/\/www.louis-martin.fr\/?s={search_term_string}"},"query-input":{"@type":"PropertyValueSpecification","valueRequired":true,"valueName":"search_term_string"}}],"inLanguage":"en-US"},{"@type":"Organization","@id":"https:\/\/www.louis-martin.fr\/#organization","name":"Louis Martin","url":"https:\/\/www.louis-martin.fr\/","logo":{"@type":"ImageObject","inLanguage":"en-US","@id":"https:\/\/www.louis-martin.fr\/#\/schema\/logo\/image\/","url":"https:\/\/www.louis-martin.fr\/wp-content\/uploads\/2020\/07\/logo-louis-martin-1.png","contentUrl":"https:\/\/www.louis-martin.fr\/wp-content\/uploads\/2020\/07\/logo-louis-martin-1.png","width":350,"height":78,"caption":"Louis Martin"},"image":{"@id":"https:\/\/www.louis-martin.fr\/#\/schema\/logo\/image\/"}}]}},"_links":{"self":[{"href":"https:\/\/www.louis-martin.fr\/en\/wp-json\/wp\/v2\/product\/1279","targetHints":{"allow":["GET"]}}],"collection":[{"href":"https:\/\/www.louis-martin.fr\/en\/wp-json\/wp\/v2\/product"}],"about":[{"href":"https:\/\/www.louis-martin.fr\/en\/wp-json\/wp\/v2\/types\/product"}],"wp:featuredmedia":[{"embeddable":true,"href":"https:\/\/www.louis-martin.fr\/en\/wp-json\/wp\/v2\/media\/1280"}],"wp:attachment":[{"href":"https:\/\/www.louis-martin.fr\/en\/wp-json\/wp\/v2\/media?parent=1279"}],"wp:term":[{"taxonomy":"product_brand","embeddable":true,"href":"https:\/\/www.louis-martin.fr\/en\/wp-json\/wp\/v2\/product_brand?post=1279"},{"taxonomy":"product_cat","embeddable":true,"href":"https:\/\/www.louis-martin.fr\/en\/wp-json\/wp\/v2\/product_cat?post=1279"},{"taxonomy":"product_tag","embeddable":true,"href":"https:\/\/www.louis-martin.fr\/en\/wp-json\/wp\/v2\/product_tag?post=1279"}],"curies":[{"name":"wp","href":"https:\/\/api.w.org\/{rel}","templated":true}]}}