{"id":1246,"date":"2021-02-28T09:53:40","date_gmt":"2021-02-28T08:53:40","guid":{"rendered":"https:\/\/www.louis-martin.fr\/general-public-range\/tomato-paste\/"},"modified":"2021-03-17T09:58:46","modified_gmt":"2021-03-17T08:58:46","slug":"tomato-paste","status":"publish","type":"page","link":"https:\/\/www.louis-martin.fr\/en\/retail-range\/tomato-paste\/","title":{"rendered":"Tomato Paste"},"content":{"rendered":"\n\n\t<h1>\n\t\t\t\t>\n\t\t\t<\/h1>\n\t\t<ul>\n<li>\n\t\t<a href=\"https:\/\/www.louis-martin.fr\/en\/produit\/double-concentre-de-tomates-tube-etui\/\"><img decoding=\"async\" width=\"230\" height=\"330\" src=\"https:\/\/www.louis-martin.fr\/wp-content\/uploads\/2020\/07\/Concen-tomates-Tube.jpg\" alt=\"\" loading=\"lazy\" \/><\/a><a href=\"#\"><h2>Double Tomato Paste Tube and carton<\/h2><\/a><p>(150g tube)<\/p>\n<\/li>\n<li>\n\t\t<a href=\"https:\/\/www.louis-martin.fr\/en\/produit\/boites-880-g\/\"><img decoding=\"async\" width=\"230\" height=\"330\" src=\"https:\/\/www.louis-martin.fr\/wp-content\/uploads\/2020\/07\/Concen-tomates-Boite-440.jpg\" alt=\"\" loading=\"lazy\" \/><\/a><a href=\"#\"><h2>Double Tomato Paste<\/h2><\/a><p>(880g tin)<\/p>\n<\/li>\n<li>\n\t\t<a href=\"https:\/\/www.louis-martin.fr\/en\/produit\/double-concentre-de-tomates\/\"><img decoding=\"async\" width=\"230\" height=\"330\" src=\"https:\/\/www.louis-martin.fr\/wp-content\/uploads\/2020\/07\/Concen-tomates-Boite-440-1.jpg\" alt=\"\" loading=\"lazy\" \/><\/a><a href=\"#\"><h2>Double Tomato Paste<\/h2><\/a><p>(440g tin)<\/p>\n<\/li>\n<li>\n\t\t<a href=\"https:\/\/www.louis-martin.fr\/en\/produit\/double-concentre-de-tomates-2\/\"><img decoding=\"async\" width=\"230\" height=\"330\" src=\"https:\/\/www.louis-martin.fr\/wp-content\/uploads\/2020\/07\/concen-tomates-boite-140.jpg\" alt=\"\" loading=\"lazy\" \/><\/a><a href=\"#\"><h2>Double Tomato Paste<\/h2><\/a><p>(140g tin)<\/p>\n<\/li>\n<li>\n\t\t<a href=\"https:\/\/www.louis-martin.fr\/en\/produit\/double-concentre-de-tomates-3\/\"><img decoding=\"async\" width=\"230\" height=\"330\" src=\"https:\/\/www.louis-martin.fr\/wp-content\/uploads\/2020\/08\/conce-tomates-boite-2-140.jpg\" alt=\"\" loading=\"lazy\" \/><\/a><a href=\"#\"><h2>Double Tomato Paste<\/h2><\/a><p>(2 X 140g tin)<\/p>\n<\/li>\n<li>\n\t\t<a href=\"https:\/\/www.louis-martin.fr\/en\/produit\/boites-2-x-140-g\/\"><img decoding=\"async\" width=\"230\" height=\"330\" src=\"https:\/\/www.louis-martin.fr\/wp-content\/uploads\/2020\/07\/conce-tomates-boite-2-70g.jpg\" alt=\"\" loading=\"lazy\" \/><\/a><a href=\"#\"><h2>Double Tomato Paste<\/h2><\/a><p>(70g tin)<\/p>\n<\/li>\n<li>\n\t\t<a href=\"https:\/\/www.louis-martin.fr\/en\/produit\/double-concentre-de-tomates-4\/\"><img decoding=\"async\" width=\"230\" height=\"330\" src=\"https:\/\/www.louis-martin.fr\/wp-content\/uploads\/2020\/07\/conce-tomates-boite-3-70.jpg\" alt=\"\" loading=\"lazy\" \/><\/a><a href=\"#\"><h2>Double Tomato Paste<\/h2><\/a><p>(3 x 70g tin)<\/p>\n<\/li>\n<\/ul>\n\t\t<!--\n\t\t-->\n\t\t\t\t\t\t<a href=\"#\" id=\"uabb-quick-view-close\"><\/a>\n\n","protected":false},"excerpt":{"rendered":"<p>> Double Tomato Paste Tube and carton (150g tube) Double Tomato Paste (880g tin) Double Tomato Paste (440g tin) Double Tomato Paste (140g tin) Double Tomato Paste (2 X 140g tin) Double Tomato Paste (70g tin) Double Tomato Paste (3 x 70g tin)<\/p>\n","protected":false},"author":2,"featured_media":1385,"parent":1128,"menu_order":0,"comment_status":"closed","ping_status":"closed","template":"","meta":{"footnotes":""},"class_list":["post-1246","page","type-page","status-publish","has-post-thumbnail","hentry"],"yoast_head":"<!-- This site is optimized with the Yoast SEO plugin v26.7 - https:\/\/yoast.com\/wordpress\/plugins\/seo\/ -->\n<title>Tomato Paste - Conserverie Louis Martin, depuis 1918 en Provence<\/title>\n<meta name=\"robots\" content=\"index, follow, max-snippet:-1, max-image-preview:large, max-video-preview:-1\" \/>\n<link rel=\"canonical\" href=\"https:\/\/www.louis-martin.fr\/en\/retail-range\/tomato-paste\/\" \/>\n<meta property=\"og:locale\" content=\"en_US\" \/>\n<meta property=\"og:type\" content=\"article\" \/>\n<meta property=\"og:title\" content=\"Tomato Paste - Conserverie Louis Martin, depuis 1918 en Provence\" \/>\n<meta property=\"og:description\" content=\"&gt; Double Tomato Paste Tube and carton (150g tube) Double Tomato Paste (880g tin) Double Tomato Paste (440g tin) Double Tomato Paste (140g tin) Double Tomato Paste (2 X 140g tin) Double Tomato Paste (70g tin) Double Tomato Paste (3 x 70g tin)\" \/>\n<meta property=\"og:url\" content=\"https:\/\/www.louis-martin.fr\/en\/retail-range\/tomato-paste\/\" \/>\n<meta property=\"og:site_name\" content=\"Conserverie Louis Martin, depuis 1918 en Provence\" \/>\n<meta property=\"article:modified_time\" content=\"2021-03-17T08:58:46+00:00\" \/>\n<meta property=\"og:image\" content=\"https:\/\/www.louis-martin.fr\/wp-content\/uploads\/2020\/09\/Gamme-Concentres-de-Tomates.jpeg\" \/>\n\t<meta property=\"og:image:width\" content=\"1920\" \/>\n\t<meta property=\"og:image:height\" content=\"763\" \/>\n\t<meta property=\"og:image:type\" content=\"image\/jpeg\" \/>\n<meta name=\"twitter:card\" content=\"summary_large_image\" \/>\n<script type=\"application\/ld+json\" class=\"yoast-schema-graph\">{\"@context\":\"https:\/\/schema.org\",\"@graph\":[{\"@type\":\"WebPage\",\"@id\":\"https:\/\/www.louis-martin.fr\/en\/retail-range\/tomato-paste\/\",\"url\":\"https:\/\/www.louis-martin.fr\/en\/retail-range\/tomato-paste\/\",\"name\":\"Tomato Paste - Conserverie Louis Martin, depuis 1918 en Provence\",\"isPartOf\":{\"@id\":\"https:\/\/www.louis-martin.fr\/#website\"},\"primaryImageOfPage\":{\"@id\":\"https:\/\/www.louis-martin.fr\/en\/retail-range\/tomato-paste\/#primaryimage\"},\"image\":{\"@id\":\"https:\/\/www.louis-martin.fr\/en\/retail-range\/tomato-paste\/#primaryimage\"},\"thumbnailUrl\":\"https:\/\/www.louis-martin.fr\/wp-content\/uploads\/2020\/09\/Gamme-Concentres-de-Tomates.jpeg\",\"datePublished\":\"2021-02-28T08:53:40+00:00\",\"dateModified\":\"2021-03-17T08:58:46+00:00\",\"breadcrumb\":{\"@id\":\"https:\/\/www.louis-martin.fr\/en\/retail-range\/tomato-paste\/#breadcrumb\"},\"inLanguage\":\"en-US\",\"potentialAction\":[{\"@type\":\"ReadAction\",\"target\":[\"https:\/\/www.louis-martin.fr\/en\/retail-range\/tomato-paste\/\"]}]},{\"@type\":\"ImageObject\",\"inLanguage\":\"en-US\",\"@id\":\"https:\/\/www.louis-martin.fr\/en\/retail-range\/tomato-paste\/#primaryimage\",\"url\":\"https:\/\/www.louis-martin.fr\/wp-content\/uploads\/2020\/09\/Gamme-Concentres-de-Tomates.jpeg\",\"contentUrl\":\"https:\/\/www.louis-martin.fr\/wp-content\/uploads\/2020\/09\/Gamme-Concentres-de-Tomates.jpeg\",\"width\":1920,\"height\":763},{\"@type\":\"BreadcrumbList\",\"@id\":\"https:\/\/www.louis-martin.fr\/en\/retail-range\/tomato-paste\/#breadcrumb\",\"itemListElement\":[{\"@type\":\"ListItem\",\"position\":1,\"name\":\"Accueil\",\"item\":\"https:\/\/www.louis-martin.fr\/en\/home\/\"},{\"@type\":\"ListItem\",\"position\":2,\"name\":\"Retail Range\u00a0\",\"item\":\"https:\/\/www.louis-martin.fr\/en\/retail-range\/\"},{\"@type\":\"ListItem\",\"position\":3,\"name\":\"Tomato Paste\"}]},{\"@type\":\"WebSite\",\"@id\":\"https:\/\/www.louis-martin.fr\/#website\",\"url\":\"https:\/\/www.louis-martin.fr\/\",\"name\":\"Conserverie Louis Martin, depuis 1918 en Provence\",\"description\":\"Cr\u00e9\u00e9e en 1918, la conserverie Louis Martin a fait de la tomate le c\u0153ur de son activit\u00e9.\",\"publisher\":{\"@id\":\"https:\/\/www.louis-martin.fr\/#organization\"},\"potentialAction\":[{\"@type\":\"SearchAction\",\"target\":{\"@type\":\"EntryPoint\",\"urlTemplate\":\"https:\/\/www.louis-martin.fr\/?s={search_term_string}\"},\"query-input\":{\"@type\":\"PropertyValueSpecification\",\"valueRequired\":true,\"valueName\":\"search_term_string\"}}],\"inLanguage\":\"en-US\"},{\"@type\":\"Organization\",\"@id\":\"https:\/\/www.louis-martin.fr\/#organization\",\"name\":\"Louis Martin\",\"url\":\"https:\/\/www.louis-martin.fr\/\",\"logo\":{\"@type\":\"ImageObject\",\"inLanguage\":\"en-US\",\"@id\":\"https:\/\/www.louis-martin.fr\/#\/schema\/logo\/image\/\",\"url\":\"https:\/\/www.louis-martin.fr\/wp-content\/uploads\/2020\/07\/logo-louis-martin-1.png\",\"contentUrl\":\"https:\/\/www.louis-martin.fr\/wp-content\/uploads\/2020\/07\/logo-louis-martin-1.png\",\"width\":350,\"height\":78,\"caption\":\"Louis Martin\"},\"image\":{\"@id\":\"https:\/\/www.louis-martin.fr\/#\/schema\/logo\/image\/\"}}]}<\/script>\n<!-- \/ Yoast SEO plugin. -->","yoast_head_json":{"title":"Tomato Paste - Conserverie Louis Martin, depuis 1918 en Provence","robots":{"index":"index","follow":"follow","max-snippet":"max-snippet:-1","max-image-preview":"max-image-preview:large","max-video-preview":"max-video-preview:-1"},"canonical":"https:\/\/www.louis-martin.fr\/en\/retail-range\/tomato-paste\/","og_locale":"en_US","og_type":"article","og_title":"Tomato Paste - Conserverie Louis Martin, depuis 1918 en Provence","og_description":"> Double Tomato Paste Tube and carton (150g tube) Double Tomato Paste (880g tin) Double Tomato Paste (440g tin) Double Tomato Paste (140g tin) Double Tomato Paste (2 X 140g tin) Double Tomato Paste (70g tin) Double Tomato Paste (3 x 70g tin)","og_url":"https:\/\/www.louis-martin.fr\/en\/retail-range\/tomato-paste\/","og_site_name":"Conserverie Louis Martin, depuis 1918 en Provence","article_modified_time":"2021-03-17T08:58:46+00:00","og_image":[{"width":1920,"height":763,"url":"https:\/\/www.louis-martin.fr\/wp-content\/uploads\/2020\/09\/Gamme-Concentres-de-Tomates.jpeg","type":"image\/jpeg"}],"twitter_card":"summary_large_image","schema":{"@context":"https:\/\/schema.org","@graph":[{"@type":"WebPage","@id":"https:\/\/www.louis-martin.fr\/en\/retail-range\/tomato-paste\/","url":"https:\/\/www.louis-martin.fr\/en\/retail-range\/tomato-paste\/","name":"Tomato Paste - Conserverie Louis Martin, depuis 1918 en Provence","isPartOf":{"@id":"https:\/\/www.louis-martin.fr\/#website"},"primaryImageOfPage":{"@id":"https:\/\/www.louis-martin.fr\/en\/retail-range\/tomato-paste\/#primaryimage"},"image":{"@id":"https:\/\/www.louis-martin.fr\/en\/retail-range\/tomato-paste\/#primaryimage"},"thumbnailUrl":"https:\/\/www.louis-martin.fr\/wp-content\/uploads\/2020\/09\/Gamme-Concentres-de-Tomates.jpeg","datePublished":"2021-02-28T08:53:40+00:00","dateModified":"2021-03-17T08:58:46+00:00","breadcrumb":{"@id":"https:\/\/www.louis-martin.fr\/en\/retail-range\/tomato-paste\/#breadcrumb"},"inLanguage":"en-US","potentialAction":[{"@type":"ReadAction","target":["https:\/\/www.louis-martin.fr\/en\/retail-range\/tomato-paste\/"]}]},{"@type":"ImageObject","inLanguage":"en-US","@id":"https:\/\/www.louis-martin.fr\/en\/retail-range\/tomato-paste\/#primaryimage","url":"https:\/\/www.louis-martin.fr\/wp-content\/uploads\/2020\/09\/Gamme-Concentres-de-Tomates.jpeg","contentUrl":"https:\/\/www.louis-martin.fr\/wp-content\/uploads\/2020\/09\/Gamme-Concentres-de-Tomates.jpeg","width":1920,"height":763},{"@type":"BreadcrumbList","@id":"https:\/\/www.louis-martin.fr\/en\/retail-range\/tomato-paste\/#breadcrumb","itemListElement":[{"@type":"ListItem","position":1,"name":"Accueil","item":"https:\/\/www.louis-martin.fr\/en\/home\/"},{"@type":"ListItem","position":2,"name":"Retail Range\u00a0","item":"https:\/\/www.louis-martin.fr\/en\/retail-range\/"},{"@type":"ListItem","position":3,"name":"Tomato Paste"}]},{"@type":"WebSite","@id":"https:\/\/www.louis-martin.fr\/#website","url":"https:\/\/www.louis-martin.fr\/","name":"Conserverie Louis Martin, depuis 1918 en Provence","description":"Cr\u00e9\u00e9e en 1918, la conserverie Louis Martin a fait de la tomate le c\u0153ur de son activit\u00e9.","publisher":{"@id":"https:\/\/www.louis-martin.fr\/#organization"},"potentialAction":[{"@type":"SearchAction","target":{"@type":"EntryPoint","urlTemplate":"https:\/\/www.louis-martin.fr\/?s={search_term_string}"},"query-input":{"@type":"PropertyValueSpecification","valueRequired":true,"valueName":"search_term_string"}}],"inLanguage":"en-US"},{"@type":"Organization","@id":"https:\/\/www.louis-martin.fr\/#organization","name":"Louis Martin","url":"https:\/\/www.louis-martin.fr\/","logo":{"@type":"ImageObject","inLanguage":"en-US","@id":"https:\/\/www.louis-martin.fr\/#\/schema\/logo\/image\/","url":"https:\/\/www.louis-martin.fr\/wp-content\/uploads\/2020\/07\/logo-louis-martin-1.png","contentUrl":"https:\/\/www.louis-martin.fr\/wp-content\/uploads\/2020\/07\/logo-louis-martin-1.png","width":350,"height":78,"caption":"Louis Martin"},"image":{"@id":"https:\/\/www.louis-martin.fr\/#\/schema\/logo\/image\/"}}]}},"_links":{"self":[{"href":"https:\/\/www.louis-martin.fr\/en\/wp-json\/wp\/v2\/pages\/1246","targetHints":{"allow":["GET"]}}],"collection":[{"href":"https:\/\/www.louis-martin.fr\/en\/wp-json\/wp\/v2\/pages"}],"about":[{"href":"https:\/\/www.louis-martin.fr\/en\/wp-json\/wp\/v2\/types\/page"}],"author":[{"embeddable":true,"href":"https:\/\/www.louis-martin.fr\/en\/wp-json\/wp\/v2\/users\/2"}],"replies":[{"embeddable":true,"href":"https:\/\/www.louis-martin.fr\/en\/wp-json\/wp\/v2\/comments?post=1246"}],"version-history":[{"count":4,"href":"https:\/\/www.louis-martin.fr\/en\/wp-json\/wp\/v2\/pages\/1246\/revisions"}],"predecessor-version":[{"id":1389,"href":"https:\/\/www.louis-martin.fr\/en\/wp-json\/wp\/v2\/pages\/1246\/revisions\/1389"}],"up":[{"embeddable":true,"href":"https:\/\/www.louis-martin.fr\/en\/wp-json\/wp\/v2\/pages\/1128"}],"wp:featuredmedia":[{"embeddable":true,"href":"https:\/\/www.louis-martin.fr\/en\/wp-json\/wp\/v2\/media\/1385"}],"wp:attachment":[{"href":"https:\/\/www.louis-martin.fr\/en\/wp-json\/wp\/v2\/media?parent=1246"}],"curies":[{"name":"wp","href":"https:\/\/api.w.org\/{rel}","templated":true}]}}