{"id":1130,"date":"2021-02-27T23:16:37","date_gmt":"2021-02-27T22:16:37","guid":{"rendered":"https:\/\/www.louis-martin.fr\/general-public-range\/tomato-flesh\/"},"modified":"2021-03-17T09:53:15","modified_gmt":"2021-03-17T08:53:15","slug":"tomato-flesh","status":"publish","type":"page","link":"https:\/\/www.louis-martin.fr\/en\/retail-range\/tomato-flesh\/","title":{"rendered":"Tomato Flesh"},"content":{"rendered":"","protected":false},"excerpt":{"rendered":"","protected":false},"author":2,"featured_media":1378,"parent":1128,"menu_order":0,"comment_status":"closed","ping_status":"closed","template":"","meta":{"footnotes":""},"class_list":["post-1130","page","type-page","status-publish","has-post-thumbnail","hentry"],"yoast_head":"<!-- This site is optimized with the Yoast SEO plugin v26.7 - https:\/\/yoast.com\/wordpress\/plugins\/seo\/ -->\n<title>Tomato Flesh - Conserverie Louis Martin, depuis 1918 en Provence<\/title>\n<meta name=\"robots\" content=\"index, follow, max-snippet:-1, max-image-preview:large, max-video-preview:-1\" \/>\n<link rel=\"canonical\" href=\"https:\/\/www.louis-martin.fr\/en\/retail-range\/tomato-flesh\/\" \/>\n<meta property=\"og:locale\" content=\"en_US\" \/>\n<meta property=\"og:type\" content=\"article\" \/>\n<meta property=\"og:title\" content=\"Tomato Flesh - Conserverie Louis Martin, depuis 1918 en Provence\" \/>\n<meta property=\"og:url\" content=\"https:\/\/www.louis-martin.fr\/en\/retail-range\/tomato-flesh\/\" \/>\n<meta property=\"og:site_name\" content=\"Conserverie Louis Martin, depuis 1918 en Provence\" \/>\n<meta property=\"article:modified_time\" content=\"2021-03-17T08:53:15+00:00\" \/>\n<meta property=\"og:image\" content=\"https:\/\/www.louis-martin.fr\/wp-content\/uploads\/2020\/09\/Chair-de-Tomates.jpeg\" \/>\n\t<meta property=\"og:image:width\" content=\"1920\" \/>\n\t<meta property=\"og:image:height\" content=\"1280\" \/>\n\t<meta property=\"og:image:type\" content=\"image\/jpeg\" \/>\n<meta name=\"twitter:card\" content=\"summary_large_image\" \/>\n<script type=\"application\/ld+json\" class=\"yoast-schema-graph\">{\"@context\":\"https:\/\/schema.org\",\"@graph\":[{\"@type\":\"WebPage\",\"@id\":\"https:\/\/www.louis-martin.fr\/en\/retail-range\/tomato-flesh\/\",\"url\":\"https:\/\/www.louis-martin.fr\/en\/retail-range\/tomato-flesh\/\",\"name\":\"Tomato Flesh - Conserverie Louis Martin, depuis 1918 en Provence\",\"isPartOf\":{\"@id\":\"https:\/\/www.louis-martin.fr\/#website\"},\"primaryImageOfPage\":{\"@id\":\"https:\/\/www.louis-martin.fr\/en\/retail-range\/tomato-flesh\/#primaryimage\"},\"image\":{\"@id\":\"https:\/\/www.louis-martin.fr\/en\/retail-range\/tomato-flesh\/#primaryimage\"},\"thumbnailUrl\":\"https:\/\/www.louis-martin.fr\/wp-content\/uploads\/2020\/09\/Chair-de-Tomates.jpeg\",\"datePublished\":\"2021-02-27T22:16:37+00:00\",\"dateModified\":\"2021-03-17T08:53:15+00:00\",\"breadcrumb\":{\"@id\":\"https:\/\/www.louis-martin.fr\/en\/retail-range\/tomato-flesh\/#breadcrumb\"},\"inLanguage\":\"en-US\",\"potentialAction\":[{\"@type\":\"ReadAction\",\"target\":[\"https:\/\/www.louis-martin.fr\/en\/retail-range\/tomato-flesh\/\"]}]},{\"@type\":\"ImageObject\",\"inLanguage\":\"en-US\",\"@id\":\"https:\/\/www.louis-martin.fr\/en\/retail-range\/tomato-flesh\/#primaryimage\",\"url\":\"https:\/\/www.louis-martin.fr\/wp-content\/uploads\/2020\/09\/Chair-de-Tomates.jpeg\",\"contentUrl\":\"https:\/\/www.louis-martin.fr\/wp-content\/uploads\/2020\/09\/Chair-de-Tomates.jpeg\",\"width\":1920,\"height\":1280},{\"@type\":\"BreadcrumbList\",\"@id\":\"https:\/\/www.louis-martin.fr\/en\/retail-range\/tomato-flesh\/#breadcrumb\",\"itemListElement\":[{\"@type\":\"ListItem\",\"position\":1,\"name\":\"Accueil\",\"item\":\"https:\/\/www.louis-martin.fr\/en\/home\/\"},{\"@type\":\"ListItem\",\"position\":2,\"name\":\"Retail Range\u00a0\",\"item\":\"https:\/\/www.louis-martin.fr\/en\/retail-range\/\"},{\"@type\":\"ListItem\",\"position\":3,\"name\":\"Tomato Flesh\"}]},{\"@type\":\"WebSite\",\"@id\":\"https:\/\/www.louis-martin.fr\/#website\",\"url\":\"https:\/\/www.louis-martin.fr\/\",\"name\":\"Conserverie Louis Martin, depuis 1918 en Provence\",\"description\":\"Cr\u00e9\u00e9e en 1918, la conserverie Louis Martin a fait de la tomate le c\u0153ur de son activit\u00e9.\",\"publisher\":{\"@id\":\"https:\/\/www.louis-martin.fr\/#organization\"},\"potentialAction\":[{\"@type\":\"SearchAction\",\"target\":{\"@type\":\"EntryPoint\",\"urlTemplate\":\"https:\/\/www.louis-martin.fr\/?s={search_term_string}\"},\"query-input\":{\"@type\":\"PropertyValueSpecification\",\"valueRequired\":true,\"valueName\":\"search_term_string\"}}],\"inLanguage\":\"en-US\"},{\"@type\":\"Organization\",\"@id\":\"https:\/\/www.louis-martin.fr\/#organization\",\"name\":\"Louis Martin\",\"url\":\"https:\/\/www.louis-martin.fr\/\",\"logo\":{\"@type\":\"ImageObject\",\"inLanguage\":\"en-US\",\"@id\":\"https:\/\/www.louis-martin.fr\/#\/schema\/logo\/image\/\",\"url\":\"https:\/\/www.louis-martin.fr\/wp-content\/uploads\/2020\/07\/logo-louis-martin-1.png\",\"contentUrl\":\"https:\/\/www.louis-martin.fr\/wp-content\/uploads\/2020\/07\/logo-louis-martin-1.png\",\"width\":350,\"height\":78,\"caption\":\"Louis Martin\"},\"image\":{\"@id\":\"https:\/\/www.louis-martin.fr\/#\/schema\/logo\/image\/\"}}]}<\/script>\n<!-- \/ Yoast SEO plugin. -->","yoast_head_json":{"title":"Tomato Flesh - Conserverie Louis Martin, depuis 1918 en Provence","robots":{"index":"index","follow":"follow","max-snippet":"max-snippet:-1","max-image-preview":"max-image-preview:large","max-video-preview":"max-video-preview:-1"},"canonical":"https:\/\/www.louis-martin.fr\/en\/retail-range\/tomato-flesh\/","og_locale":"en_US","og_type":"article","og_title":"Tomato Flesh - Conserverie Louis Martin, depuis 1918 en Provence","og_url":"https:\/\/www.louis-martin.fr\/en\/retail-range\/tomato-flesh\/","og_site_name":"Conserverie Louis Martin, depuis 1918 en Provence","article_modified_time":"2021-03-17T08:53:15+00:00","og_image":[{"width":1920,"height":1280,"url":"https:\/\/www.louis-martin.fr\/wp-content\/uploads\/2020\/09\/Chair-de-Tomates.jpeg","type":"image\/jpeg"}],"twitter_card":"summary_large_image","schema":{"@context":"https:\/\/schema.org","@graph":[{"@type":"WebPage","@id":"https:\/\/www.louis-martin.fr\/en\/retail-range\/tomato-flesh\/","url":"https:\/\/www.louis-martin.fr\/en\/retail-range\/tomato-flesh\/","name":"Tomato Flesh - Conserverie Louis Martin, depuis 1918 en Provence","isPartOf":{"@id":"https:\/\/www.louis-martin.fr\/#website"},"primaryImageOfPage":{"@id":"https:\/\/www.louis-martin.fr\/en\/retail-range\/tomato-flesh\/#primaryimage"},"image":{"@id":"https:\/\/www.louis-martin.fr\/en\/retail-range\/tomato-flesh\/#primaryimage"},"thumbnailUrl":"https:\/\/www.louis-martin.fr\/wp-content\/uploads\/2020\/09\/Chair-de-Tomates.jpeg","datePublished":"2021-02-27T22:16:37+00:00","dateModified":"2021-03-17T08:53:15+00:00","breadcrumb":{"@id":"https:\/\/www.louis-martin.fr\/en\/retail-range\/tomato-flesh\/#breadcrumb"},"inLanguage":"en-US","potentialAction":[{"@type":"ReadAction","target":["https:\/\/www.louis-martin.fr\/en\/retail-range\/tomato-flesh\/"]}]},{"@type":"ImageObject","inLanguage":"en-US","@id":"https:\/\/www.louis-martin.fr\/en\/retail-range\/tomato-flesh\/#primaryimage","url":"https:\/\/www.louis-martin.fr\/wp-content\/uploads\/2020\/09\/Chair-de-Tomates.jpeg","contentUrl":"https:\/\/www.louis-martin.fr\/wp-content\/uploads\/2020\/09\/Chair-de-Tomates.jpeg","width":1920,"height":1280},{"@type":"BreadcrumbList","@id":"https:\/\/www.louis-martin.fr\/en\/retail-range\/tomato-flesh\/#breadcrumb","itemListElement":[{"@type":"ListItem","position":1,"name":"Accueil","item":"https:\/\/www.louis-martin.fr\/en\/home\/"},{"@type":"ListItem","position":2,"name":"Retail Range\u00a0","item":"https:\/\/www.louis-martin.fr\/en\/retail-range\/"},{"@type":"ListItem","position":3,"name":"Tomato Flesh"}]},{"@type":"WebSite","@id":"https:\/\/www.louis-martin.fr\/#website","url":"https:\/\/www.louis-martin.fr\/","name":"Conserverie Louis Martin, depuis 1918 en Provence","description":"Cr\u00e9\u00e9e en 1918, la conserverie Louis Martin a fait de la tomate le c\u0153ur de son activit\u00e9.","publisher":{"@id":"https:\/\/www.louis-martin.fr\/#organization"},"potentialAction":[{"@type":"SearchAction","target":{"@type":"EntryPoint","urlTemplate":"https:\/\/www.louis-martin.fr\/?s={search_term_string}"},"query-input":{"@type":"PropertyValueSpecification","valueRequired":true,"valueName":"search_term_string"}}],"inLanguage":"en-US"},{"@type":"Organization","@id":"https:\/\/www.louis-martin.fr\/#organization","name":"Louis Martin","url":"https:\/\/www.louis-martin.fr\/","logo":{"@type":"ImageObject","inLanguage":"en-US","@id":"https:\/\/www.louis-martin.fr\/#\/schema\/logo\/image\/","url":"https:\/\/www.louis-martin.fr\/wp-content\/uploads\/2020\/07\/logo-louis-martin-1.png","contentUrl":"https:\/\/www.louis-martin.fr\/wp-content\/uploads\/2020\/07\/logo-louis-martin-1.png","width":350,"height":78,"caption":"Louis Martin"},"image":{"@id":"https:\/\/www.louis-martin.fr\/#\/schema\/logo\/image\/"}}]}},"_links":{"self":[{"href":"https:\/\/www.louis-martin.fr\/en\/wp-json\/wp\/v2\/pages\/1130","targetHints":{"allow":["GET"]}}],"collection":[{"href":"https:\/\/www.louis-martin.fr\/en\/wp-json\/wp\/v2\/pages"}],"about":[{"href":"https:\/\/www.louis-martin.fr\/en\/wp-json\/wp\/v2\/types\/page"}],"author":[{"embeddable":true,"href":"https:\/\/www.louis-martin.fr\/en\/wp-json\/wp\/v2\/users\/2"}],"replies":[{"embeddable":true,"href":"https:\/\/www.louis-martin.fr\/en\/wp-json\/wp\/v2\/comments?post=1130"}],"version-history":[{"count":3,"href":"https:\/\/www.louis-martin.fr\/en\/wp-json\/wp\/v2\/pages\/1130\/revisions"}],"predecessor-version":[{"id":1379,"href":"https:\/\/www.louis-martin.fr\/en\/wp-json\/wp\/v2\/pages\/1130\/revisions\/1379"}],"up":[{"embeddable":true,"href":"https:\/\/www.louis-martin.fr\/en\/wp-json\/wp\/v2\/pages\/1128"}],"wp:featuredmedia":[{"embeddable":true,"href":"https:\/\/www.louis-martin.fr\/en\/wp-json\/wp\/v2\/media\/1378"}],"wp:attachment":[{"href":"https:\/\/www.louis-martin.fr\/en\/wp-json\/wp\/v2\/media?parent=1130"}],"curies":[{"name":"wp","href":"https:\/\/api.w.org\/{rel}","templated":true}]}}